{"id":2802,"date":"2022-02-15T15:13:58","date_gmt":"2022-02-15T15:13:58","guid":{"rendered":"https:\/\/time2selfie.hu\/blog\/"},"modified":"2026-03-27T04:54:50","modified_gmt":"2026-03-27T04:54:50","slug":"blog","status":"publish","type":"page","link":"https:\/\/time2selfie.hu\/en\/blog\/","title":{"rendered":"Blog"},"content":{"rendered":"\t\t<div data-elementor-type=\"wp-page\" data-elementor-id=\"2802\" class=\"elementor elementor-2802 elementor-1052\" data-elementor-post-type=\"page\">\n\t\t\t\t\t\t<section class=\"elementor-section elementor-top-section elementor-element elementor-element-a86b4c8 elementor-section-boxed elementor-section-height-default elementor-section-height-default\" data-id=\"a86b4c8\" data-element_type=\"section\" data-e-type=\"section\" data-settings=\"{&quot;background_background&quot;:&quot;classic&quot;,&quot;background_motion_fx_motion_fx_scrolling&quot;:&quot;yes&quot;,&quot;background_motion_fx_scale_effect&quot;:&quot;yes&quot;,&quot;background_motion_fx_scale_direction&quot;:&quot;in-out&quot;,&quot;background_motion_fx_scale_speed&quot;:{&quot;unit&quot;:&quot;px&quot;,&quot;size&quot;:3,&quot;sizes&quot;:[]},&quot;background_motion_fx_scale_range&quot;:{&quot;unit&quot;:&quot;%&quot;,&quot;size&quot;:&quot;&quot;,&quot;sizes&quot;:{&quot;start&quot;:0,&quot;end&quot;:20}},&quot;background_motion_fx_devices&quot;:[&quot;desktop&quot;,&quot;tablet&quot;,&quot;mobile&quot;]}\">\n\t\t\t\t\t\t\t<div class=\"elementor-background-overlay\"><\/div>\n\t\t\t\t\t\t\t<div class=\"elementor-container elementor-column-gap-default\">\n\t\t\t\t\t<div class=\"elementor-column elementor-col-100 elementor-top-column elementor-element elementor-element-4789c9cf\" data-id=\"4789c9cf\" data-element_type=\"column\" data-e-type=\"column\">\n\t\t\t<div class=\"elementor-widget-wrap elementor-element-populated\">\n\t\t\t\t\t\t<div class=\"elementor-element elementor-element-c143540 animated-slow elementor-invisible elementor-widget elementor-widget-qi_addons_for_elementor_section_title\" data-id=\"c143540\" data-element_type=\"widget\" data-e-type=\"widget\" data-settings=\"{&quot;_animation&quot;:&quot;zoomIn&quot;}\" data-widget_type=\"qi_addons_for_elementor_section_title.default\">\n\t\t\t\t<div class=\"elementor-widget-container\">\n\t\t\t\t\t<div class=\"qodef-shortcode qodef-m qodef-qi-section-title qodef-decoration--underline qodef-link--underline-draw qodef-subtitle-icon--left\">\n\t\t\t\t<h3 class=\"qodef-m-subtitle\">\n\t\tBLOG\t\t\t<\/h3>\n\t\t\t<h1 class=\"qodef-m-title\">\n\t\t<span class=\"qodef-e-colored\">NEWS,<\/span> INTERESTING, <span class=\"qodef-e-colored\">CURRENT<\/span> EVENTS\t<\/h1>\n\t\t\t<\/div>\n\t\t\t\t<\/div>\n\t\t\t\t<\/div>\n\t\t\t\t\t<\/div>\n\t\t<\/div>\n\t\t\t\t\t<\/div>\n\t\t<\/section>\n\t\t\t\t<section class=\"elementor-section elementor-top-section elementor-element elementor-element-6a2b2ea elementor-section-boxed elementor-section-height-default elementor-section-height-default\" data-id=\"6a2b2ea\" data-element_type=\"section\" data-e-type=\"section\" data-settings=\"{&quot;background_background&quot;:&quot;classic&quot;}\">\n\t\t\t\t\t\t<div class=\"elementor-container elementor-column-gap-default\">\n\t\t\t\t\t<div class=\"elementor-column elementor-col-100 elementor-top-column elementor-element elementor-element-0cd9fe1\" data-id=\"0cd9fe1\" data-element_type=\"column\" data-e-type=\"column\">\n\t\t\t<div class=\"elementor-widget-wrap elementor-element-populated\">\n\t\t\t\t\t\t<div class=\"elementor-element elementor-element-4d26dc6 elementor-widget elementor-widget-heading\" data-id=\"4d26dc6\" data-element_type=\"widget\" data-e-type=\"widget\" data-widget_type=\"heading.default\">\n\t\t\t\t<div class=\"elementor-widget-container\">\n\t\t\t\t\t<h2 class=\"elementor-heading-title elementor-size-default\">Our latest articles that may also interest you<\/h2>\t\t\t\t<\/div>\n\t\t\t\t<\/div>\n\t\t\t\t\t<\/div>\n\t\t<\/div>\n\t\t\t\t\t<\/div>\n\t\t<\/section>\n\t\t\t\t<section class=\"elementor-section elementor-top-section elementor-element elementor-element-cbc3434 elementor-section-content-middle elementor-section-boxed elementor-section-height-default elementor-section-height-default\" data-id=\"cbc3434\" data-element_type=\"section\" data-e-type=\"section\">\n\t\t\t\t\t\t<div class=\"elementor-container elementor-column-gap-default\">\n\t\t\t\t\t<div class=\"elementor-column elementor-col-100 elementor-top-column elementor-element elementor-element-2e93483\" data-id=\"2e93483\" data-element_type=\"column\" data-e-type=\"column\">\n\t\t\t<div class=\"elementor-widget-wrap elementor-element-populated\">\n\t\t\t\t\t\t<div class=\"elementor-element elementor-element-87b9fa8 elementor-grid-3 elementor-grid-tablet-2 elementor-grid-mobile-1 elementor-posts--thumbnail-top elementor-posts--show-avatar elementor-card-shadow-yes elementor-posts__hover-gradient elementor-widget elementor-widget-posts\" data-id=\"87b9fa8\" data-element_type=\"widget\" data-e-type=\"widget\" data-settings=\"{&quot;cards_masonry&quot;:&quot;yes&quot;,&quot;pagination_type&quot;:&quot;numbers_and_prev_next&quot;,&quot;cards_columns&quot;:&quot;3&quot;,&quot;cards_columns_tablet&quot;:&quot;2&quot;,&quot;cards_columns_mobile&quot;:&quot;1&quot;,&quot;cards_row_gap&quot;:{&quot;unit&quot;:&quot;px&quot;,&quot;size&quot;:35,&quot;sizes&quot;:[]},&quot;cards_row_gap_tablet&quot;:{&quot;unit&quot;:&quot;px&quot;,&quot;size&quot;:&quot;&quot;,&quot;sizes&quot;:[]},&quot;cards_row_gap_mobile&quot;:{&quot;unit&quot;:&quot;px&quot;,&quot;size&quot;:&quot;&quot;,&quot;sizes&quot;:[]}}\" data-widget_type=\"posts.cards\">\n\t\t\t\t<div class=\"elementor-widget-container\">\n\t\t\t\t\t\t\t<div class=\"elementor-posts-container elementor-posts elementor-posts--skin-cards elementor-grid\" role=\"list\">\n\t\t\t\t<article class=\"elementor-post elementor-grid-item post-3318 post type-post status-publish format-standard has-post-thumbnail hentry category-wedding-gift category-selfie-mirror\" role=\"listitem\">\n\t\t\t<div class=\"elementor-post__card\">\n\t\t\t\t<a class=\"elementor-post__thumbnail__link\" href=\"https:\/\/time2selfie.hu\/en\/wedding-gift-ideas-surprise\/\" tabindex=\"-1\"><div class=\"elementor-post__thumbnail\"><img fetchpriority=\"high\" decoding=\"async\" width=\"480\" height=\"320\" src=\"https:\/\/time2selfie.hu\/wp-content\/uploads\/eskuvoi-ajandek.jpg\" class=\"attachment-medium size-medium wp-image-3321\" alt=\"\" title=\"\"><\/div><\/a>\n\t\t\t\t<div class=\"elementor-post__badge\">wedding gift<\/div>\n\t\t\t\t<div class=\"elementor-post__avatar\">\n\t\t\t<img decoding=\"async\" alt=\"Csoll\u00e1k Ferenc\" src=\"https:\/\/secure.gravatar.com\/avatar\/11246bfcbc9ae3931a5189fc1a8baa11441aabe63e3dc825589b09bd2081b66e?s=128&#038;d=mm&#038;r=g\" srcset=\"https:\/\/secure.gravatar.com\/avatar\/11246bfcbc9ae3931a5189fc1a8baa11441aabe63e3dc825589b09bd2081b66e?s=256&#038;d=mm&#038;r=g 2x\" class=\"avatar avatar-128 photo\" height=\"128\" width=\"128\" title=\"\">\t\t<\/div>\n\t\t\t\t<div class=\"elementor-post__text\">\n\t\t\t\t<h3 class=\"elementor-post__title\">\n\t\t\t<a href=\"https:\/\/time2selfie.hu\/en\/wedding-gift-ideas-surprise\/\">\n\t\t\t\tWedding Gift, Wedding Gift Ideas. Here&#8217;s a surefire surprise for the wedding!\t\t\t<\/a>\n\t\t<\/h3>\n\t\t\t\t<div class=\"elementor-post__excerpt\">\n\t\t\t<p>Choosing the Perfect Gift Wedding gifts and honeymoon gift ideas always cause a lot of headaches. We want to give something special and memorable that<\/p>\n\t\t<\/div>\n\t\t\n\t\t<a class=\"elementor-post__read-more\" href=\"https:\/\/time2selfie.hu\/en\/wedding-gift-ideas-surprise\/\" aria-label=\"Read more about Wedding Gift, Wedding Gift Ideas. Here&#8217;s a surefire surprise for the wedding!\" tabindex=\"-1\">\n\t\t\tRead more \u00bb\t\t<\/a>\n\n\t\t\t\t<\/div>\n\t\t\t\t\t<\/div>\n\t\t<\/article>\n\t\t\t\t<article class=\"elementor-post elementor-grid-item post-2804 post type-post status-publish format-standard has-post-thumbnail hentry category-selfie-mirror\" role=\"listitem\">\n\t\t\t<div class=\"elementor-post__card\">\n\t\t\t\t<a class=\"elementor-post__thumbnail__link\" href=\"https:\/\/time2selfie.hu\/en\/selfie-machine-differences\/\" tabindex=\"-1\"><div class=\"elementor-post__thumbnail\"><img decoding=\"async\" width=\"650\" height=\"650\" src=\"https:\/\/time2selfie.hu\/wp-content\/uploads\/selfie-gep-tukor-07.jpg\" class=\"attachment-medium size-medium wp-image-2573\" alt=\"Selfie Mirror and the wedding team\" srcset=\"https:\/\/time2selfie.hu\/wp-content\/uploads\/selfie-gep-tukor-07.jpg 650w, https:\/\/time2selfie.hu\/wp-content\/uploads\/selfie-gep-tukor-07-150x150.jpg 150w\" sizes=\"(max-width: 650px) 100vw, 650px\" title=\"\"><\/div><\/a>\n\t\t\t\t<div class=\"elementor-post__badge\">selfie mirror<\/div>\n\t\t\t\t<div class=\"elementor-post__avatar\">\n\t\t\t<img loading=\"lazy\" decoding=\"async\" alt=\"Selfie G\u00e9p T\u00fck\u00f6r\" src=\"https:\/\/secure.gravatar.com\/avatar\/99cbab72430c076d4bb7fa210aaffbb67d23632a9b0ef2e8eb97d893e8027bc8?s=128&#038;d=mm&#038;r=g\" srcset=\"https:\/\/secure.gravatar.com\/avatar\/99cbab72430c076d4bb7fa210aaffbb67d23632a9b0ef2e8eb97d893e8027bc8?s=256&#038;d=mm&#038;r=g 2x\" class=\"avatar avatar-128 photo\" height=\"128\" width=\"128\" title=\"\">\t\t<\/div>\n\t\t\t\t<div class=\"elementor-post__text\">\n\t\t\t\t<h3 class=\"elementor-post__title\">\n\t\t\t<a href=\"https:\/\/time2selfie.hu\/en\/selfie-machine-differences\/\">\n\t\t\t\tHow are we different from other average selfie machines?\t\t\t<\/a>\n\t\t<\/h3>\n\t\t\t\t<div class=\"elementor-post__excerpt\">\n\t\t\t<p>Why WE? What distinguishes us from traditional photo corners? First of all, because in a word: USE IT! \ud83d\ude42 (see in the gallery the Why<\/p>\n\t\t<\/div>\n\t\t\n\t\t<a class=\"elementor-post__read-more\" href=\"https:\/\/time2selfie.hu\/en\/selfie-machine-differences\/\" aria-label=\"Read more about How are we different from other average selfie machines?\" tabindex=\"-1\">\n\t\t\tRead more \u00bb\t\t<\/a>\n\n\t\t\t\t<\/div>\n\t\t\t\t\t<\/div>\n\t\t<\/article>\n\t\t\t\t<article class=\"elementor-post elementor-grid-item post-2806 post type-post status-publish format-standard has-post-thumbnail hentry category-selfie-mirror\" role=\"listitem\">\n\t\t\t<div class=\"elementor-post__card\">\n\t\t\t\t<a class=\"elementor-post__thumbnail__link\" href=\"https:\/\/time2selfie.hu\/en\/reasons-rent-selfie-machine\/\" tabindex=\"-1\"><div class=\"elementor-post__thumbnail\"><img loading=\"lazy\" decoding=\"async\" width=\"700\" height=\"525\" src=\"https:\/\/time2selfie.hu\/wp-content\/uploads\/91fontos3-700x525.jpg\" class=\"attachment-medium size-medium wp-image-2583\" alt=\"9+1 Important Things\" srcset=\"https:\/\/time2selfie.hu\/wp-content\/uploads\/91fontos3-700x525.jpg 700w, https:\/\/time2selfie.hu\/wp-content\/uploads\/91fontos3-1024x768.jpg 1024w, https:\/\/time2selfie.hu\/wp-content\/uploads\/91fontos3-768x576.jpg 768w, https:\/\/time2selfie.hu\/wp-content\/uploads\/91fontos3.jpg 1200w\" sizes=\"(max-width: 700px) 100vw, 700px\" title=\"\"><\/div><\/a>\n\t\t\t\t<div class=\"elementor-post__badge\">selfie mirror<\/div>\n\t\t\t\t<div class=\"elementor-post__avatar\">\n\t\t\t<img loading=\"lazy\" decoding=\"async\" alt=\"Selfie G\u00e9p T\u00fck\u00f6r\" src=\"https:\/\/secure.gravatar.com\/avatar\/99cbab72430c076d4bb7fa210aaffbb67d23632a9b0ef2e8eb97d893e8027bc8?s=128&#038;d=mm&#038;r=g\" srcset=\"https:\/\/secure.gravatar.com\/avatar\/99cbab72430c076d4bb7fa210aaffbb67d23632a9b0ef2e8eb97d893e8027bc8?s=256&#038;d=mm&#038;r=g 2x\" class=\"avatar avatar-128 photo\" height=\"128\" width=\"128\" title=\"\">\t\t<\/div>\n\t\t\t\t<div class=\"elementor-post__text\">\n\t\t\t\t<h3 class=\"elementor-post__title\">\n\t\t\t<a href=\"https:\/\/time2selfie.hu\/en\/reasons-rent-selfie-machine\/\">\n\t\t\t\t9+1 things why you should rent a selfie camera\t\t\t<\/a>\n\t\t<\/h3>\n\t\t\t\t<div class=\"elementor-post__excerpt\">\n\t\t\t<p>Are you organizing a wedding, birthday party or company party? If you want a perfect party, there are many things that should be put in<\/p>\n\t\t<\/div>\n\t\t\n\t\t<a class=\"elementor-post__read-more\" href=\"https:\/\/time2selfie.hu\/en\/reasons-rent-selfie-machine\/\" aria-label=\"Read more about 9+1 things why you should rent a selfie camera\" tabindex=\"-1\">\n\t\t\tRead more \u00bb\t\t<\/a>\n\n\t\t\t\t<\/div>\n\t\t\t\t\t<\/div>\n\t\t<\/article>\n\t\t\t\t<article class=\"elementor-post elementor-grid-item post-2808 post type-post status-publish format-standard has-post-thumbnail hentry category-selfie-mirror\" role=\"listitem\">\n\t\t\t<div class=\"elementor-post__card\">\n\t\t\t\t<a class=\"elementor-post__thumbnail__link\" href=\"https:\/\/time2selfie.hu\/en\/photo-booth-booking-tips\/\" tabindex=\"-1\"><div class=\"elementor-post__thumbnail\"><img loading=\"lazy\" decoding=\"async\" width=\"700\" height=\"525\" src=\"https:\/\/time2selfie.hu\/wp-content\/uploads\/kordon4-700x525.jpg\" class=\"attachment-medium size-medium wp-image-2315\" alt=\"Red carpet and gilded stanchions\" srcset=\"https:\/\/time2selfie.hu\/wp-content\/uploads\/kordon4-700x525.jpg 700w, https:\/\/time2selfie.hu\/wp-content\/uploads\/kordon4-1024x768.jpg 1024w, https:\/\/time2selfie.hu\/wp-content\/uploads\/kordon4-768x576.jpg 768w, https:\/\/time2selfie.hu\/wp-content\/uploads\/kordon4.jpg 1500w\" sizes=\"(max-width: 700px) 100vw, 700px\" title=\"\"><\/div><\/a>\n\t\t\t\t<div class=\"elementor-post__badge\">selfie mirror<\/div>\n\t\t\t\t<div class=\"elementor-post__avatar\">\n\t\t\t<img loading=\"lazy\" decoding=\"async\" alt=\"Selfie G\u00e9p T\u00fck\u00f6r\" src=\"https:\/\/secure.gravatar.com\/avatar\/99cbab72430c076d4bb7fa210aaffbb67d23632a9b0ef2e8eb97d893e8027bc8?s=128&#038;d=mm&#038;r=g\" srcset=\"https:\/\/secure.gravatar.com\/avatar\/99cbab72430c076d4bb7fa210aaffbb67d23632a9b0ef2e8eb97d893e8027bc8?s=256&#038;d=mm&#038;r=g 2x\" class=\"avatar avatar-128 photo\" height=\"128\" width=\"128\" title=\"\">\t\t<\/div>\n\t\t\t\t<div class=\"elementor-post__text\">\n\t\t\t\t<h3 class=\"elementor-post__title\">\n\t\t\t<a href=\"https:\/\/time2selfie.hu\/en\/photo-booth-booking-tips\/\">\n\t\t\t\tWhat should you pay attention to when booking a photo booth?\t\t\t<\/a>\n\t\t<\/h3>\n\t\t\t\t<div class=\"elementor-post__excerpt\">\n\t\t\t<p>The protagonists of the wedding are always the two people who say yes, but the guests should not be forgotten either. Are you looking for<\/p>\n\t\t<\/div>\n\t\t\n\t\t<a class=\"elementor-post__read-more\" href=\"https:\/\/time2selfie.hu\/en\/photo-booth-booking-tips\/\" aria-label=\"Read more about What should you pay attention to when booking a photo booth?\" tabindex=\"-1\">\n\t\t\tRead more \u00bb\t\t<\/a>\n\n\t\t\t\t<\/div>\n\t\t\t\t\t<\/div>\n\t\t<\/article>\n\t\t\t\t<article class=\"elementor-post elementor-grid-item post-2812 post type-post status-publish format-standard has-post-thumbnail hentry category-background category-selfie-mirror\" role=\"listitem\">\n\t\t\t<div class=\"elementor-post__card\">\n\t\t\t\t<a class=\"elementor-post__thumbnail__link\" href=\"https:\/\/time2selfie.hu\/en\/selfie-mirror-background\/\" tabindex=\"-1\"><div class=\"elementor-post__thumbnail\"><img loading=\"lazy\" decoding=\"async\" width=\"700\" height=\"370\" src=\"https:\/\/time2selfie.hu\/wp-content\/uploads\/selfie-tukor-galeria-700x370.jpg\" class=\"attachment-medium size-medium wp-image-2324\" alt=\"Selfie Mirror Gallery\" srcset=\"https:\/\/time2selfie.hu\/wp-content\/uploads\/selfie-tukor-galeria-700x370.jpg 700w, https:\/\/time2selfie.hu\/wp-content\/uploads\/selfie-tukor-galeria-1024x541.jpg 1024w, https:\/\/time2selfie.hu\/wp-content\/uploads\/selfie-tukor-galeria-768x406.jpg 768w, https:\/\/time2selfie.hu\/wp-content\/uploads\/selfie-tukor-galeria-1536x812.jpg 1536w, https:\/\/time2selfie.hu\/wp-content\/uploads\/selfie-tukor-galeria.jpg 1600w\" sizes=\"(max-width: 700px) 100vw, 700px\" title=\"\"><\/div><\/a>\n\t\t\t\t<div class=\"elementor-post__badge\">background<\/div>\n\t\t\t\t<div class=\"elementor-post__avatar\">\n\t\t\t<img loading=\"lazy\" decoding=\"async\" alt=\"Selfie G\u00e9p T\u00fck\u00f6r\" src=\"https:\/\/secure.gravatar.com\/avatar\/99cbab72430c076d4bb7fa210aaffbb67d23632a9b0ef2e8eb97d893e8027bc8?s=128&#038;d=mm&#038;r=g\" srcset=\"https:\/\/secure.gravatar.com\/avatar\/99cbab72430c076d4bb7fa210aaffbb67d23632a9b0ef2e8eb97d893e8027bc8?s=256&#038;d=mm&#038;r=g 2x\" class=\"avatar avatar-128 photo\" height=\"128\" width=\"128\" title=\"\">\t\t<\/div>\n\t\t\t\t<div class=\"elementor-post__text\">\n\t\t\t\t<h3 class=\"elementor-post__title\">\n\t\t\t<a href=\"https:\/\/time2selfie.hu\/en\/selfie-mirror-background\/\">\n\t\t\t\tNeed a background for your selfie mirror?\t\t\t<\/a>\n\t\t<\/h3>\n\t\t\t\t<div class=\"elementor-post__excerpt\">\n\t\t\t<p>&#8220;Our short answer is: NO&#8221; Our selfie mirror should not be covered with the background. If the machine is placed in the field of view<\/p>\n\t\t<\/div>\n\t\t\n\t\t<a class=\"elementor-post__read-more\" href=\"https:\/\/time2selfie.hu\/en\/selfie-mirror-background\/\" aria-label=\"Read more about Need a background for your selfie mirror?\" tabindex=\"-1\">\n\t\t\tRead more \u00bb\t\t<\/a>\n\n\t\t\t\t<\/div>\n\t\t\t\t\t<\/div>\n\t\t<\/article>\n\t\t\t\t<article class=\"elementor-post elementor-grid-item post-2816 post type-post status-publish format-standard has-post-thumbnail hentry category-selfie-mirror\" role=\"listitem\">\n\t\t\t<div class=\"elementor-post__card\">\n\t\t\t\t<a class=\"elementor-post__thumbnail__link\" href=\"https:\/\/time2selfie.hu\/en\/perfect-photo-smile-tips\/\" tabindex=\"-1\"><div class=\"elementor-post__thumbnail\"><img loading=\"lazy\" decoding=\"async\" width=\"700\" height=\"370\" src=\"https:\/\/time2selfie.hu\/wp-content\/uploads\/selfie-tukor-galeria-6-700x370.jpg\" class=\"attachment-medium size-medium wp-image-2338\" alt=\"Selfie Mirror Gallery 6\" srcset=\"https:\/\/time2selfie.hu\/wp-content\/uploads\/selfie-tukor-galeria-6-700x370.jpg 700w, https:\/\/time2selfie.hu\/wp-content\/uploads\/selfie-tukor-galeria-6-1024x541.jpg 1024w, https:\/\/time2selfie.hu\/wp-content\/uploads\/selfie-tukor-galeria-6-768x406.jpg 768w, https:\/\/time2selfie.hu\/wp-content\/uploads\/selfie-tukor-galeria-6-1536x811.jpg 1536w, https:\/\/time2selfie.hu\/wp-content\/uploads\/selfie-tukor-galeria-6.jpg 1600w\" sizes=\"(max-width: 700px) 100vw, 700px\" title=\"\"><\/div><\/a>\n\t\t\t\t<div class=\"elementor-post__badge\">selfie mirror<\/div>\n\t\t\t\t<div class=\"elementor-post__avatar\">\n\t\t\t<img loading=\"lazy\" decoding=\"async\" alt=\"Selfie G\u00e9p T\u00fck\u00f6r\" src=\"https:\/\/secure.gravatar.com\/avatar\/99cbab72430c076d4bb7fa210aaffbb67d23632a9b0ef2e8eb97d893e8027bc8?s=128&#038;d=mm&#038;r=g\" srcset=\"https:\/\/secure.gravatar.com\/avatar\/99cbab72430c076d4bb7fa210aaffbb67d23632a9b0ef2e8eb97d893e8027bc8?s=256&#038;d=mm&#038;r=g 2x\" class=\"avatar avatar-128 photo\" height=\"128\" width=\"128\" title=\"\">\t\t<\/div>\n\t\t\t\t<div class=\"elementor-post__text\">\n\t\t\t\t<h3 class=\"elementor-post__title\">\n\t\t\t<a href=\"https:\/\/time2selfie.hu\/en\/perfect-photo-smile-tips\/\">\n\t\t\t\tHow to smile for the perfect photo?\t\t\t<\/a>\n\t\t<\/h3>\n\t\t\t\t<div class=\"elementor-post__excerpt\">\n\t\t\t<p>We thought we&#8217;d give you some tips so you can always pose with a perfect smile. It&#8217;s unbelievable, but almost everyone looks back at their<\/p>\n\t\t<\/div>\n\t\t\n\t\t<a class=\"elementor-post__read-more\" href=\"https:\/\/time2selfie.hu\/en\/perfect-photo-smile-tips\/\" aria-label=\"Read more about How to smile for the perfect photo?\" tabindex=\"-1\">\n\t\t\tRead more \u00bb\t\t<\/a>\n\n\t\t\t\t<\/div>\n\t\t\t\t\t<\/div>\n\t\t<\/article>\n\t\t\t\t<\/div>\n\t\t\n\t\t\t\t\t\t<\/div>\n\t\t\t\t<\/div>\n\t\t\t\t\t<\/div>\n\t\t<\/div>\n\t\t\t\t\t<\/div>\n\t\t<\/section>\n\t\t\t\t<\/div>\n\t\t","protected":false},"excerpt":{"rendered":"<p>BLOG NEWS, INTERESTING, CURRENT EVENTS Our latest articles that may also interest you<\/p>\n","protected":false},"author":1,"featured_media":0,"parent":0,"menu_order":0,"comment_status":"closed","ping_status":"closed","template":"","meta":{"rank_math_focus_keyword":"blog","rank_math_title":"Selfie Mirror Blog: Tips & Ideas | Time2Selfie Blog","rank_math_description":"News, descriptions, novelties, interesting things in the world of selfie machines \/ selfie mirrors. Here you will find all useful information.","footnotes":""},"class_list":["post-2802","page","type-page","status-publish","hentry"],"_links":{"self":[{"href":"https:\/\/time2selfie.hu\/en\/wp-json\/wp\/v2\/pages\/2802","targetHints":{"allow":["GET"]}}],"collection":[{"href":"https:\/\/time2selfie.hu\/en\/wp-json\/wp\/v2\/pages"}],"about":[{"href":"https:\/\/time2selfie.hu\/en\/wp-json\/wp\/v2\/types\/page"}],"author":[{"embeddable":true,"href":"https:\/\/time2selfie.hu\/en\/wp-json\/wp\/v2\/users\/1"}],"replies":[{"embeddable":true,"href":"https:\/\/time2selfie.hu\/en\/wp-json\/wp\/v2\/comments?post=2802"}],"version-history":[{"count":0,"href":"https:\/\/time2selfie.hu\/en\/wp-json\/wp\/v2\/pages\/2802\/revisions"}],"wp:attachment":[{"href":"https:\/\/time2selfie.hu\/en\/wp-json\/wp\/v2\/media?parent=2802"}],"curies":[{"name":"wp","href":"https:\/\/api.w.org\/{rel}","templated":true}]}}