{"id":6116,"date":"2022-02-15T15:13:58","date_gmt":"2022-02-15T15:13:58","guid":{"rendered":"https:\/\/time2selfie.hu\/blog\/"},"modified":"2026-02-04T08:55:32","modified_gmt":"2026-02-04T08:55:32","slug":"blog","status":"publish","type":"page","link":"https:\/\/time2selfie.hu\/de\/blog\/","title":{"rendered":"Blog"},"content":{"rendered":"\t\t<div data-elementor-type=\"wp-page\" data-elementor-id=\"6116\" class=\"elementor elementor-6116 elementor-1052\" data-elementor-post-type=\"page\">\n\t\t\t\t\t\t<section class=\"elementor-section elementor-top-section elementor-element elementor-element-a86b4c8 elementor-section-boxed elementor-section-height-default elementor-section-height-default\" data-id=\"a86b4c8\" data-element_type=\"section\" data-e-type=\"section\" data-settings=\"{&quot;background_background&quot;:&quot;classic&quot;,&quot;background_motion_fx_motion_fx_scrolling&quot;:&quot;yes&quot;,&quot;background_motion_fx_scale_effect&quot;:&quot;yes&quot;,&quot;background_motion_fx_scale_direction&quot;:&quot;in-out&quot;,&quot;background_motion_fx_scale_speed&quot;:{&quot;unit&quot;:&quot;px&quot;,&quot;size&quot;:3,&quot;sizes&quot;:[]},&quot;background_motion_fx_scale_range&quot;:{&quot;unit&quot;:&quot;%&quot;,&quot;size&quot;:&quot;&quot;,&quot;sizes&quot;:{&quot;start&quot;:0,&quot;end&quot;:20}},&quot;background_motion_fx_devices&quot;:[&quot;desktop&quot;,&quot;tablet&quot;,&quot;mobile&quot;]}\">\n\t\t\t\t\t\t\t<div class=\"elementor-background-overlay\"><\/div>\n\t\t\t\t\t\t\t<div class=\"elementor-container elementor-column-gap-default\">\n\t\t\t\t\t<div class=\"elementor-column elementor-col-100 elementor-top-column elementor-element elementor-element-4789c9cf\" data-id=\"4789c9cf\" data-element_type=\"column\" data-e-type=\"column\">\n\t\t\t<div class=\"elementor-widget-wrap elementor-element-populated\">\n\t\t\t\t\t\t<div class=\"elementor-element elementor-element-c143540 animated-slow elementor-invisible elementor-widget elementor-widget-qi_addons_for_elementor_section_title\" data-id=\"c143540\" data-element_type=\"widget\" data-e-type=\"widget\" data-settings=\"{&quot;_animation&quot;:&quot;zoomIn&quot;}\" data-widget_type=\"qi_addons_for_elementor_section_title.default\">\n\t\t\t\t<div class=\"elementor-widget-container\">\n\t\t\t\t\t<div class=\"qodef-shortcode qodef-m qodef-qi-section-title qodef-decoration--underline qodef-link--underline-draw qodef-subtitle-icon--left\">\n\t\t\t\t<h3 class=\"qodef-m-subtitle\">\n\t\tBLOG\t\t\t<\/h3>\n\t\t\t<h1 class=\"qodef-m-title\">\n\t\t<span class=\"qodef-e-colored\">NACHRICHTEN,<\/span> INTERESSANTES, <span class=\"qodef-e-colored\">AKTUELLES<\/span>\t<\/h1>\n\t\t\t<\/div>\n\t\t\t\t<\/div>\n\t\t\t\t<\/div>\n\t\t\t\t\t<\/div>\n\t\t<\/div>\n\t\t\t\t\t<\/div>\n\t\t<\/section>\n\t\t\t\t<section class=\"elementor-section elementor-top-section elementor-element elementor-element-6a2b2ea elementor-section-boxed elementor-section-height-default elementor-section-height-default\" data-id=\"6a2b2ea\" data-element_type=\"section\" data-e-type=\"section\" data-settings=\"{&quot;background_background&quot;:&quot;classic&quot;}\">\n\t\t\t\t\t\t<div class=\"elementor-container elementor-column-gap-default\">\n\t\t\t\t\t<div class=\"elementor-column elementor-col-100 elementor-top-column elementor-element elementor-element-0cd9fe1\" data-id=\"0cd9fe1\" data-element_type=\"column\" data-e-type=\"column\">\n\t\t\t<div class=\"elementor-widget-wrap elementor-element-populated\">\n\t\t\t\t\t\t<div class=\"elementor-element elementor-element-4d26dc6 elementor-widget elementor-widget-heading\" data-id=\"4d26dc6\" data-element_type=\"widget\" data-e-type=\"widget\" data-widget_type=\"heading.default\">\n\t\t\t\t<div class=\"elementor-widget-container\">\n\t\t\t\t\t<h2 class=\"elementor-heading-title elementor-size-default\">Unsere neuesten Artikel, die Sie interessieren k\u00f6nnten<\/h2>\t\t\t\t<\/div>\n\t\t\t\t<\/div>\n\t\t\t\t\t<\/div>\n\t\t<\/div>\n\t\t\t\t\t<\/div>\n\t\t<\/section>\n\t\t\t\t<section class=\"elementor-section elementor-top-section elementor-element elementor-element-cbc3434 elementor-section-content-middle elementor-section-boxed elementor-section-height-default elementor-section-height-default\" data-id=\"cbc3434\" data-element_type=\"section\" data-e-type=\"section\">\n\t\t\t\t\t\t<div class=\"elementor-container elementor-column-gap-default\">\n\t\t\t\t\t<div class=\"elementor-column elementor-col-100 elementor-top-column elementor-element elementor-element-2e93483\" data-id=\"2e93483\" data-element_type=\"column\" data-e-type=\"column\">\n\t\t\t<div class=\"elementor-widget-wrap elementor-element-populated\">\n\t\t\t\t\t\t<div class=\"elementor-element elementor-element-87b9fa8 elementor-grid-3 elementor-grid-tablet-2 elementor-grid-mobile-1 elementor-posts--thumbnail-top elementor-posts--show-avatar elementor-card-shadow-yes elementor-posts__hover-gradient elementor-widget elementor-widget-posts\" data-id=\"87b9fa8\" data-element_type=\"widget\" data-e-type=\"widget\" data-settings=\"{&quot;cards_masonry&quot;:&quot;yes&quot;,&quot;pagination_type&quot;:&quot;numbers_and_prev_next&quot;,&quot;cards_columns&quot;:&quot;3&quot;,&quot;cards_columns_tablet&quot;:&quot;2&quot;,&quot;cards_columns_mobile&quot;:&quot;1&quot;,&quot;cards_row_gap&quot;:{&quot;unit&quot;:&quot;px&quot;,&quot;size&quot;:35,&quot;sizes&quot;:[]},&quot;cards_row_gap_tablet&quot;:{&quot;unit&quot;:&quot;px&quot;,&quot;size&quot;:&quot;&quot;,&quot;sizes&quot;:[]},&quot;cards_row_gap_mobile&quot;:{&quot;unit&quot;:&quot;px&quot;,&quot;size&quot;:&quot;&quot;,&quot;sizes&quot;:[]}}\" data-widget_type=\"posts.cards\">\n\t\t\t\t<div class=\"elementor-widget-container\">\n\t\t\t\t\t\t\t<div class=\"elementor-posts-container elementor-posts elementor-posts--skin-cards elementor-grid\" role=\"list\">\n\t\t\t\t<article class=\"elementor-post elementor-grid-item post-6153 post type-post status-publish format-standard has-post-thumbnail hentry category-geschenk-zur-hochzeit category-selfie-spiegel\" role=\"listitem\">\n\t\t\t<div class=\"elementor-post__card\">\n\t\t\t\t<a class=\"elementor-post__thumbnail__link\" href=\"https:\/\/time2selfie.hu\/de\/hochzeitsgeschenk-ideen-ueberraschung\/\" tabindex=\"-1\"><div class=\"elementor-post__thumbnail\"><img fetchpriority=\"high\" decoding=\"async\" width=\"480\" height=\"320\" src=\"https:\/\/time2selfie.hu\/wp-content\/uploads\/eskuvoi-ajandek.jpg\" class=\"attachment-medium size-medium wp-image-6122\" alt=\"\" title=\"\"><\/div><\/a>\n\t\t\t\t<div class=\"elementor-post__badge\">Geschenk zur Hochzeit<\/div>\n\t\t\t\t<div class=\"elementor-post__avatar\">\n\t\t\t<img decoding=\"async\" alt=\"Csoll\u00e1k Ferenc\" src=\"https:\/\/secure.gravatar.com\/avatar\/11246bfcbc9ae3931a5189fc1a8baa11441aabe63e3dc825589b09bd2081b66e?s=128&#038;d=mm&#038;r=g\" srcset=\"https:\/\/secure.gravatar.com\/avatar\/11246bfcbc9ae3931a5189fc1a8baa11441aabe63e3dc825589b09bd2081b66e?s=256&#038;d=mm&#038;r=g 2x\" class=\"avatar avatar-128 photo\" height=\"128\" width=\"128\" title=\"\">\t\t<\/div>\n\t\t\t\t<div class=\"elementor-post__text\">\n\t\t\t\t<h3 class=\"elementor-post__title\">\n\t\t\t<a href=\"https:\/\/time2selfie.hu\/de\/hochzeitsgeschenk-ideen-ueberraschung\/\">\n\t\t\t\tHochzeitsgeschenk, Hochzeitsgeschenkideen. Hier ist die ultimative \u00dcberraschung f\u00fcr die Hochzeit!\t\t\t<\/a>\n\t\t<\/h3>\n\t\t\t\t<div class=\"elementor-post__excerpt\">\n\t\t\t<p>Das perfekte Geschenk ausw\u00e4hlen Hochzeitsgeschenke und Hochzeitsgeschenkideen bereiten immer Kopfzerbrechen. Wir m\u00f6chten etwas Besonderes und Unvergessliches schenken, das ein Leben lang Freude bereitet. Traditionelle Geschenke<\/p>\n\t\t<\/div>\n\t\t\n\t\t<a class=\"elementor-post__read-more\" href=\"https:\/\/time2selfie.hu\/de\/hochzeitsgeschenk-ideen-ueberraschung\/\" aria-label=\"Mehr \u00fcber Hochzeitsgeschenk, Hochzeitsgeschenkideen. Hier ist die ultimative \u00dcberraschung f\u00fcr die Hochzeit!\" tabindex=\"-1\">\n\t\t\tWeiterlesen \u00bb\t\t<\/a>\n\n\t\t\t\t<\/div>\n\t\t\t\t\t<\/div>\n\t\t<\/article>\n\t\t\t\t<article class=\"elementor-post elementor-grid-item post-6156 post type-post status-publish format-standard has-post-thumbnail hentry category-selfie-spiegel\" role=\"listitem\">\n\t\t\t<div class=\"elementor-post__card\">\n\t\t\t\t<a class=\"elementor-post__thumbnail__link\" href=\"https:\/\/time2selfie.hu\/de\/selfie-maschine-unterschiede\/\" tabindex=\"-1\"><div class=\"elementor-post__thumbnail\"><img decoding=\"async\" width=\"650\" height=\"650\" src=\"https:\/\/time2selfie.hu\/wp-content\/uploads\/selfie-gep-tukor-07.jpg\" class=\"attachment-medium size-medium wp-image-6087\" alt=\"Selfie-Spiegel und das Hochzeitsteam\" srcset=\"https:\/\/time2selfie.hu\/wp-content\/uploads\/selfie-gep-tukor-07.jpg 650w, https:\/\/time2selfie.hu\/wp-content\/uploads\/selfie-gep-tukor-07-150x150.jpg 150w\" sizes=\"(max-width: 650px) 100vw, 650px\" title=\"\"><\/div><\/a>\n\t\t\t\t<div class=\"elementor-post__badge\">Selfie-Spiegel<\/div>\n\t\t\t\t<div class=\"elementor-post__avatar\">\n\t\t\t<img loading=\"lazy\" decoding=\"async\" alt=\"Selfie G\u00e9p T\u00fck\u00f6r\" src=\"https:\/\/secure.gravatar.com\/avatar\/99cbab72430c076d4bb7fa210aaffbb67d23632a9b0ef2e8eb97d893e8027bc8?s=128&#038;d=mm&#038;r=g\" srcset=\"https:\/\/secure.gravatar.com\/avatar\/99cbab72430c076d4bb7fa210aaffbb67d23632a9b0ef2e8eb97d893e8027bc8?s=256&#038;d=mm&#038;r=g 2x\" class=\"avatar avatar-128 photo\" height=\"128\" width=\"128\" title=\"\">\t\t<\/div>\n\t\t\t\t<div class=\"elementor-post__text\">\n\t\t\t\t<h3 class=\"elementor-post__title\">\n\t\t\t<a href=\"https:\/\/time2selfie.hu\/de\/selfie-maschine-unterschiede\/\">\n\t\t\t\tWas unterscheidet uns von anderen durchschnittlichen Selfie-Maschinen?\t\t\t<\/a>\n\t\t<\/h3>\n\t\t\t\t<div class=\"elementor-post__excerpt\">\n\t\t\t<p>Warum WIR? Was unterscheidet uns von herk\u00f6mmlichen Fotoboxen? Zun\u00e4chst einmal, weil sie, mit einem Wort gesagt, benutzt werden! \ud83d\ude42 (Siehe in der Galerie die Bilder<\/p>\n\t\t<\/div>\n\t\t\n\t\t<a class=\"elementor-post__read-more\" href=\"https:\/\/time2selfie.hu\/de\/selfie-maschine-unterschiede\/\" aria-label=\"Mehr \u00fcber Was unterscheidet uns von anderen durchschnittlichen Selfie-Maschinen?\" tabindex=\"-1\">\n\t\t\tWeiterlesen \u00bb\t\t<\/a>\n\n\t\t\t\t<\/div>\n\t\t\t\t\t<\/div>\n\t\t<\/article>\n\t\t\t\t<article class=\"elementor-post elementor-grid-item post-6160 post type-post status-publish format-standard has-post-thumbnail hentry category-selfie-spiegel\" role=\"listitem\">\n\t\t\t<div class=\"elementor-post__card\">\n\t\t\t\t<a class=\"elementor-post__thumbnail__link\" href=\"https:\/\/time2selfie.hu\/de\/selfie-box-mieten-gruende\/\" tabindex=\"-1\"><div class=\"elementor-post__thumbnail\"><img loading=\"lazy\" decoding=\"async\" width=\"700\" height=\"525\" src=\"https:\/\/time2selfie.hu\/wp-content\/uploads\/91fontos3-700x525.jpg\" class=\"attachment-medium size-medium wp-image-6125\" alt=\"9+1 wichtige Dinge\" srcset=\"https:\/\/time2selfie.hu\/wp-content\/uploads\/91fontos3-700x525.jpg 700w, https:\/\/time2selfie.hu\/wp-content\/uploads\/91fontos3-1024x768.jpg 1024w, https:\/\/time2selfie.hu\/wp-content\/uploads\/91fontos3-768x576.jpg 768w, https:\/\/time2selfie.hu\/wp-content\/uploads\/91fontos3.jpg 1200w\" sizes=\"(max-width: 700px) 100vw, 700px\" title=\"\"><\/div><\/a>\n\t\t\t\t<div class=\"elementor-post__badge\">Selfie-Spiegel<\/div>\n\t\t\t\t<div class=\"elementor-post__avatar\">\n\t\t\t<img loading=\"lazy\" decoding=\"async\" alt=\"Selfie G\u00e9p T\u00fck\u00f6r\" src=\"https:\/\/secure.gravatar.com\/avatar\/99cbab72430c076d4bb7fa210aaffbb67d23632a9b0ef2e8eb97d893e8027bc8?s=128&#038;d=mm&#038;r=g\" srcset=\"https:\/\/secure.gravatar.com\/avatar\/99cbab72430c076d4bb7fa210aaffbb67d23632a9b0ef2e8eb97d893e8027bc8?s=256&#038;d=mm&#038;r=g 2x\" class=\"avatar avatar-128 photo\" height=\"128\" width=\"128\" title=\"\">\t\t<\/div>\n\t\t\t\t<div class=\"elementor-post__text\">\n\t\t\t\t<h3 class=\"elementor-post__title\">\n\t\t\t<a href=\"https:\/\/time2selfie.hu\/de\/selfie-box-mieten-gruende\/\">\n\t\t\t\t9+1 Gr\u00fcnde, warum sich die Miete einer Selfiebox lohnt\t\t\t<\/a>\n\t\t<\/h3>\n\t\t\t\t<div class=\"elementor-post__excerpt\">\n\t\t\t<p>Organisierst du eine Hochzeit, eine Geburtstagsfeier oder eine Firmenparty? Wenn du eine perfekte Party willst, gibt es vieles zu organisieren, damit sich deine G\u00e4ste wirklich<\/p>\n\t\t<\/div>\n\t\t\n\t\t<a class=\"elementor-post__read-more\" href=\"https:\/\/time2selfie.hu\/de\/selfie-box-mieten-gruende\/\" aria-label=\"Mehr \u00fcber 9+1 Gr\u00fcnde, warum sich die Miete einer Selfiebox lohnt\" tabindex=\"-1\">\n\t\t\tWeiterlesen \u00bb\t\t<\/a>\n\n\t\t\t\t<\/div>\n\t\t\t\t\t<\/div>\n\t\t<\/article>\n\t\t\t\t<article class=\"elementor-post elementor-grid-item post-6180 post type-post status-publish format-standard has-post-thumbnail hentry category-selfie-spiegel\" role=\"listitem\">\n\t\t\t<div class=\"elementor-post__card\">\n\t\t\t\t<a class=\"elementor-post__thumbnail__link\" href=\"https:\/\/time2selfie.hu\/de\/fotobox-buchung-tipps\/\" tabindex=\"-1\"><div class=\"elementor-post__thumbnail\"><img loading=\"lazy\" decoding=\"async\" width=\"700\" height=\"525\" src=\"https:\/\/time2selfie.hu\/wp-content\/uploads\/kordon4-700x525.jpg\" class=\"attachment-medium size-medium wp-image-6089\" alt=\"Roter Teppich und goldene Kordelpfosten\" srcset=\"https:\/\/time2selfie.hu\/wp-content\/uploads\/kordon4-700x525.jpg 700w, https:\/\/time2selfie.hu\/wp-content\/uploads\/kordon4-1024x768.jpg 1024w, https:\/\/time2selfie.hu\/wp-content\/uploads\/kordon4-768x576.jpg 768w, https:\/\/time2selfie.hu\/wp-content\/uploads\/kordon4.jpg 1500w\" sizes=\"(max-width: 700px) 100vw, 700px\" title=\"\"><\/div><\/a>\n\t\t\t\t<div class=\"elementor-post__badge\">Selfie-Spiegel<\/div>\n\t\t\t\t<div class=\"elementor-post__avatar\">\n\t\t\t<img loading=\"lazy\" decoding=\"async\" alt=\"Selfie G\u00e9p T\u00fck\u00f6r\" src=\"https:\/\/secure.gravatar.com\/avatar\/99cbab72430c076d4bb7fa210aaffbb67d23632a9b0ef2e8eb97d893e8027bc8?s=128&#038;d=mm&#038;r=g\" srcset=\"https:\/\/secure.gravatar.com\/avatar\/99cbab72430c076d4bb7fa210aaffbb67d23632a9b0ef2e8eb97d893e8027bc8?s=256&#038;d=mm&#038;r=g 2x\" class=\"avatar avatar-128 photo\" height=\"128\" width=\"128\" title=\"\">\t\t<\/div>\n\t\t\t\t<div class=\"elementor-post__text\">\n\t\t\t\t<h3 class=\"elementor-post__title\">\n\t\t\t<a href=\"https:\/\/time2selfie.hu\/de\/fotobox-buchung-tipps\/\">\n\t\t\t\tWorauf sollte man bei der Buchung einer Fotobox achten?\t\t\t<\/a>\n\t\t<\/h3>\n\t\t\t\t<div class=\"elementor-post__excerpt\">\n\t\t\t<p>Die Hauptakteure einer Hochzeit sind immer die beiden Personen, die sich das Ja-Wort geben, aber man sollte auch die Hochzeitsg\u00e4ste nicht vergessen. Suchen Sie nach<\/p>\n\t\t<\/div>\n\t\t\n\t\t<a class=\"elementor-post__read-more\" href=\"https:\/\/time2selfie.hu\/de\/fotobox-buchung-tipps\/\" aria-label=\"Mehr \u00fcber Worauf sollte man bei der Buchung einer Fotobox achten?\" tabindex=\"-1\">\n\t\t\tWeiterlesen \u00bb\t\t<\/a>\n\n\t\t\t\t<\/div>\n\t\t\t\t\t<\/div>\n\t\t<\/article>\n\t\t\t\t<article class=\"elementor-post elementor-grid-item post-6172 post type-post status-publish format-standard has-post-thumbnail hentry category-hintergrund category-selfie-spiegel\" role=\"listitem\">\n\t\t\t<div class=\"elementor-post__card\">\n\t\t\t\t<a class=\"elementor-post__thumbnail__link\" href=\"https:\/\/time2selfie.hu\/de\/benoetigen-sie-einen-hintergrund-fuer-den-selfie-spiegel\/\" tabindex=\"-1\"><div class=\"elementor-post__thumbnail\"><img loading=\"lazy\" decoding=\"async\" width=\"700\" height=\"370\" src=\"https:\/\/time2selfie.hu\/wp-content\/uploads\/selfie-tukor-galeria-700x370.jpg\" class=\"attachment-medium size-medium wp-image-5146\" alt=\"Selfie-Spiegelgalerie\" srcset=\"https:\/\/time2selfie.hu\/wp-content\/uploads\/selfie-tukor-galeria-700x370.jpg 700w, https:\/\/time2selfie.hu\/wp-content\/uploads\/selfie-tukor-galeria-1024x541.jpg 1024w, https:\/\/time2selfie.hu\/wp-content\/uploads\/selfie-tukor-galeria-768x406.jpg 768w, https:\/\/time2selfie.hu\/wp-content\/uploads\/selfie-tukor-galeria-1536x812.jpg 1536w, https:\/\/time2selfie.hu\/wp-content\/uploads\/selfie-tukor-galeria.jpg 1600w\" sizes=\"(max-width: 700px) 100vw, 700px\" title=\"\"><\/div><\/a>\n\t\t\t\t<div class=\"elementor-post__badge\">Hintergrund<\/div>\n\t\t\t\t<div class=\"elementor-post__avatar\">\n\t\t\t<img loading=\"lazy\" decoding=\"async\" alt=\"Selfie G\u00e9p T\u00fck\u00f6r\" src=\"https:\/\/secure.gravatar.com\/avatar\/99cbab72430c076d4bb7fa210aaffbb67d23632a9b0ef2e8eb97d893e8027bc8?s=128&#038;d=mm&#038;r=g\" srcset=\"https:\/\/secure.gravatar.com\/avatar\/99cbab72430c076d4bb7fa210aaffbb67d23632a9b0ef2e8eb97d893e8027bc8?s=256&#038;d=mm&#038;r=g 2x\" class=\"avatar avatar-128 photo\" height=\"128\" width=\"128\" title=\"\">\t\t<\/div>\n\t\t\t\t<div class=\"elementor-post__text\">\n\t\t\t\t<h3 class=\"elementor-post__title\">\n\t\t\t<a href=\"https:\/\/time2selfie.hu\/de\/benoetigen-sie-einen-hintergrund-fuer-den-selfie-spiegel\/\">\n\t\t\t\tBen\u00f6tigen Sie einen Hintergrund f\u00fcr den Selfie-Spiegel?\t\t\t<\/a>\n\t\t<\/h3>\n\t\t\t\t<div class=\"elementor-post__excerpt\">\n\t\t\t<p>Kurz ist unsere Antwort: NEIN Ein Selfie-Abfall sollte nicht durch den Hintergrund verdeckt werden. Wenn wir das Ger\u00e4t ins Blickfeld r\u00fccken und den Hintergrund entlang<\/p>\n\t\t<\/div>\n\t\t\n\t\t<a class=\"elementor-post__read-more\" href=\"https:\/\/time2selfie.hu\/de\/benoetigen-sie-einen-hintergrund-fuer-den-selfie-spiegel\/\" aria-label=\"Mehr \u00fcber Ben\u00f6tigen Sie einen Hintergrund f\u00fcr den Selfie-Spiegel?\" tabindex=\"-1\">\n\t\t\tWeiterlesen \u00bb\t\t<\/a>\n\n\t\t\t\t<\/div>\n\t\t\t\t\t<\/div>\n\t\t<\/article>\n\t\t\t\t<article class=\"elementor-post elementor-grid-item post-6170 post type-post status-publish format-standard has-post-thumbnail hentry category-selfie-spiegel\" role=\"listitem\">\n\t\t\t<div class=\"elementor-post__card\">\n\t\t\t\t<a class=\"elementor-post__thumbnail__link\" href=\"https:\/\/time2selfie.hu\/de\/wie-man-fuer-das-perfekte-foto-laechelt\/\" tabindex=\"-1\"><div class=\"elementor-post__thumbnail\"><img loading=\"lazy\" decoding=\"async\" width=\"700\" height=\"370\" src=\"https:\/\/time2selfie.hu\/wp-content\/uploads\/selfie-tukor-galeria-6-700x370.jpg\" class=\"attachment-medium size-medium wp-image-5149\" alt=\"Selfie-Spiegelgalerie 6\" srcset=\"https:\/\/time2selfie.hu\/wp-content\/uploads\/selfie-tukor-galeria-6-700x370.jpg 700w, https:\/\/time2selfie.hu\/wp-content\/uploads\/selfie-tukor-galeria-6-1024x541.jpg 1024w, https:\/\/time2selfie.hu\/wp-content\/uploads\/selfie-tukor-galeria-6-768x406.jpg 768w, https:\/\/time2selfie.hu\/wp-content\/uploads\/selfie-tukor-galeria-6-1536x811.jpg 1536w, https:\/\/time2selfie.hu\/wp-content\/uploads\/selfie-tukor-galeria-6.jpg 1600w\" sizes=\"(max-width: 700px) 100vw, 700px\" title=\"\"><\/div><\/a>\n\t\t\t\t<div class=\"elementor-post__badge\">Selfie-Spiegel<\/div>\n\t\t\t\t<div class=\"elementor-post__avatar\">\n\t\t\t<img loading=\"lazy\" decoding=\"async\" alt=\"Selfie G\u00e9p T\u00fck\u00f6r\" src=\"https:\/\/secure.gravatar.com\/avatar\/99cbab72430c076d4bb7fa210aaffbb67d23632a9b0ef2e8eb97d893e8027bc8?s=128&#038;d=mm&#038;r=g\" srcset=\"https:\/\/secure.gravatar.com\/avatar\/99cbab72430c076d4bb7fa210aaffbb67d23632a9b0ef2e8eb97d893e8027bc8?s=256&#038;d=mm&#038;r=g 2x\" class=\"avatar avatar-128 photo\" height=\"128\" width=\"128\" title=\"\">\t\t<\/div>\n\t\t\t\t<div class=\"elementor-post__text\">\n\t\t\t\t<h3 class=\"elementor-post__title\">\n\t\t\t<a href=\"https:\/\/time2selfie.hu\/de\/wie-man-fuer-das-perfekte-foto-laechelt\/\">\n\t\t\t\tWie man f\u00fcr das perfekte Foto l\u00e4chelt\t\t\t<\/a>\n\t\t<\/h3>\n\t\t\t\t<div class=\"elementor-post__excerpt\">\n\t\t\t<p>Wir dachten, wir geben Ihnen ein paar Tipps, damit Sie immer mit einem perfekten L\u00e4cheln posieren k\u00f6nnen. Es ist unglaublich, aber fast jeder schaut sich<\/p>\n\t\t<\/div>\n\t\t\n\t\t<a class=\"elementor-post__read-more\" href=\"https:\/\/time2selfie.hu\/de\/wie-man-fuer-das-perfekte-foto-laechelt\/\" aria-label=\"Mehr \u00fcber Wie man f\u00fcr das perfekte Foto l\u00e4chelt\" tabindex=\"-1\">\n\t\t\tWeiterlesen \u00bb\t\t<\/a>\n\n\t\t\t\t<\/div>\n\t\t\t\t\t<\/div>\n\t\t<\/article>\n\t\t\t\t<\/div>\n\t\t\n\t\t\t\t\t\t<\/div>\n\t\t\t\t<\/div>\n\t\t\t\t\t<\/div>\n\t\t<\/div>\n\t\t\t\t\t<\/div>\n\t\t<\/section>\n\t\t\t\t<\/div>\n\t\t","protected":false},"excerpt":{"rendered":"<p>BLOG NACHRICHTEN, INTERESSANTES, AKTUELLES Unsere neuesten Artikel, die Sie interessieren k\u00f6nnten<\/p>\n","protected":false},"author":1,"featured_media":0,"parent":0,"menu_order":0,"comment_status":"closed","ping_status":"closed","template":"","meta":{"footnotes":""},"class_list":["post-6116","page","type-page","status-publish","hentry"],"_links":{"self":[{"href":"https:\/\/time2selfie.hu\/de\/wp-json\/wp\/v2\/pages\/6116","targetHints":{"allow":["GET"]}}],"collection":[{"href":"https:\/\/time2selfie.hu\/de\/wp-json\/wp\/v2\/pages"}],"about":[{"href":"https:\/\/time2selfie.hu\/de\/wp-json\/wp\/v2\/types\/page"}],"author":[{"embeddable":true,"href":"https:\/\/time2selfie.hu\/de\/wp-json\/wp\/v2\/users\/1"}],"replies":[{"embeddable":true,"href":"https:\/\/time2selfie.hu\/de\/wp-json\/wp\/v2\/comments?post=6116"}],"version-history":[{"count":0,"href":"https:\/\/time2selfie.hu\/de\/wp-json\/wp\/v2\/pages\/6116\/revisions"}],"wp:attachment":[{"href":"https:\/\/time2selfie.hu\/de\/wp-json\/wp\/v2\/media?parent=6116"}],"curies":[{"name":"wp","href":"https:\/\/api.w.org\/{rel}","templated":true}]}}